{"id":406,"date":"2023-04-28T14:20:31","date_gmt":"2023-04-28T17:20:31","guid":{"rendered":"http:\/\/18.211.228.83\/?page_id=406"},"modified":"2025-05-08T00:09:27","modified_gmt":"2025-05-08T03:09:27","slug":"sobre","status":"publish","type":"page","link":"https:\/\/preview.snowfox-ai.com\/en_us\/sobre\/","title":{"rendered":"About"},"content":{"rendered":"<div data-elementor-type=\"wp-post\" data-elementor-id=\"406\" class=\"elementor elementor-406\" data-elementor-post-type=\"page\">\n\t\t\t\t\t\t\t<div class=\"elementor-element elementor-element-ceb56f2 e-flex e-con-boxed e-con\" data-id=\"ceb56f2\" data-element_type=\"container\" data-settings=\"{&quot;background_background&quot;:&quot;classic&quot;,&quot;jet_parallax_layout_list&quot;:[],&quot;content_width&quot;:&quot;boxed&quot;}\">\n\t\t\t\t\t<div class=\"e-con-inner\">\n\t\t\t\t<div class=\"elementor-element elementor-element-8f051a7 elementor-widget elementor-widget-heading\" data-id=\"8f051a7\" data-element_type=\"widget\" data-widget_type=\"heading.default\">\n\t\t\t\t<div class=\"elementor-widget-container\">\n\t\t\t<h1 class=\"elementor-heading-title elementor-size-default\">About us<\/h1>\t\t<\/div>\n\t\t\t\t<\/div>\n\t\t\t\t<div class=\"elementor-element elementor-element-34f3193 elementor-widget__width-initial elementor-widget elementor-widget-heading\" data-id=\"34f3193\" data-element_type=\"widget\" data-widget_type=\"heading.default\">\n\t\t\t\t<div class=\"elementor-widget-container\">\n\t\t\t<h2 class=\"elementor-heading-title elementor-size-default\"><span class=\"gradiente\">Applications and Innovative Solutions<\/span> of data technology and Artificial Intelligence<\/h2>\t\t<\/div>\n\t\t\t\t<\/div>\n\t\t\t\t<div class=\"elementor-element elementor-element-22d1e71 elementor-widget elementor-widget-button\" data-id=\"22d1e71\" data-element_type=\"widget\" data-widget_type=\"button.default\">\n\t\t\t\t<div class=\"elementor-widget-container\">\n\t\t\t\t\t<div class=\"elementor-button-wrapper\">\n\t\t\t<a class=\"elementor-button elementor-button-link elementor-size-sm elementor-animation-grow\" href=\"#contato\">\n\t\t\t\t\t\t<span class=\"elementor-button-content-wrapper\">\n\t\t\t\t\t\t<span class=\"elementor-button-icon elementor-align-icon-right\">\n\t\t\t\t<svg xmlns=\"http:\/\/www.w3.org\/2000\/svg\" width=\"20\" height=\"11\" viewbox=\"0 0 20 11\" fill=\"none\"><path d=\"M19.0579 5.03635L19.0574 5.03583L14.9726 0.971108C14.7347 0.703463 14.3247 0.674542 14.0513 0.907624C13.7744 1.14358 13.7418 1.55904 13.9793 1.83497L13.9794 1.83503C13.999 1.85776 14.0202 1.87933 14.0431 1.89946L16.9996 4.84497H1.40907C1.04624 4.84497 0.75 5.13801 0.75 5.50206C0.75 5.86614 1.04627 6.15912 1.40907 6.15912H16.999L14.0431 9.10052C13.7738 9.33763 13.7442 9.74761 13.9793 10.0208C14.2162 10.2959 14.6316 10.3278 14.9078 10.0924L14.9078 10.0923C14.9307 10.0728 14.9524 10.0517 14.9726 10.0289L19.0574 5.96418L19.0579 5.96367C19.3141 5.70731 19.314 5.29272 19.0579 5.03635Z\" fill=\"#7D22E1\" stroke=\"#7D22E1\" stroke-width=\"0.5\"><\/path><\/svg>\t\t\t<\/span>\n\t\t\t\t\t\t<span class=\"elementor-button-text\">Talk to a specialist<\/span>\n\t\t<\/span>\n\t\t\t\t\t<\/a>\n\t\t<\/div>\n\t\t\t\t<\/div>\n\t\t\t\t<\/div>\n\t\t\t\t\t<\/div>\n\t\t\t\t<\/div>\n\t\t<div class=\"elementor-element elementor-element-a8a1bf8 e-flex e-con-boxed e-con\" data-id=\"a8a1bf8\" data-element_type=\"container\" data-settings=\"{&quot;background_background&quot;:&quot;gradient&quot;,&quot;jet_parallax_layout_list&quot;:[],&quot;content_width&quot;:&quot;boxed&quot;}\">\n\t\t\t\t\t<div class=\"e-con-inner\">\n\t\t<div class=\"elementor-element elementor-element-05ffa9d e-flex e-con-boxed e-con\" data-id=\"05ffa9d\" data-element_type=\"container\" data-settings=\"{&quot;jet_parallax_layout_list&quot;:[],&quot;content_width&quot;:&quot;boxed&quot;}\">\n\t\t\t\t\t<div class=\"e-con-inner\">\n\t\t\t\t<div class=\"elementor-element elementor-element-fffdc45 elementor-widget elementor-widget-image\" data-id=\"fffdc45\" data-element_type=\"widget\" data-widget_type=\"image.default\">\n\t\t\t\t<div class=\"elementor-widget-container\">\n\t\t\t\t\t\t\t\t\t\t\t\t\t\t\t<img loading=\"lazy\" decoding=\"async\" width=\"234\" height=\"233\" src=\"https:\/\/preview.snowfox-ai.com\/wp-content\/uploads\/2023\/04\/sobre-nos-9.png\" class=\"attachment-full size-full wp-image-448\" alt=\"Sobre Nos ()\" srcset=\"https:\/\/preview.snowfox-ai.com\/wp-content\/uploads\/2023\/04\/sobre-nos-9.png 234w, https:\/\/preview.snowfox-ai.com\/wp-content\/uploads\/2023\/04\/sobre-nos-9-150x150.png 150w, https:\/\/preview.snowfox-ai.com\/wp-content\/uploads\/2023\/04\/sobre-nos-9-12x12.png 12w\" sizes=\"auto, (max-width: 234px) 100vw, 234px\" \/>\t\t\t\t\t\t\t\t\t\t\t\t\t\t\t<\/div>\n\t\t\t\t<\/div>\n\t\t<div class=\"elementor-element elementor-element-238cb18 e-con-full e-flex e-con\" data-id=\"238cb18\" data-element_type=\"container\" data-settings=\"{&quot;content_width&quot;:&quot;full&quot;,&quot;jet_parallax_layout_list&quot;:[]}\">\n\t\t\t\t<div class=\"elementor-element elementor-element-f6ec5cd elementor-widget elementor-widget-heading\" data-id=\"f6ec5cd\" data-element_type=\"widget\" data-widget_type=\"heading.default\">\n\t\t\t\t<div class=\"elementor-widget-container\">\n\t\t\t<h2 class=\"elementor-heading-title elementor-size-default\">Our mission is to accelerate and scale the technological transformation of our clients, generating efficient results.<\/h2>\t\t<\/div>\n\t\t\t\t<\/div>\n\t\t\t\t<div class=\"elementor-element elementor-element-9a4face elementor-widget elementor-widget-text-editor\" data-id=\"9a4face\" data-element_type=\"widget\" data-widget_type=\"text-editor.default\">\n\t\t\t\t<div class=\"elementor-widget-container\">\n\t\t\t\t\t\t\t<p>Our approach is pragmatic and focused on results, avoiding the hype\" effect so present in innovative technologies. We work with end-to-end solutions<\/p>\t\t\t\t\t\t<\/div>\n\t\t\t\t<\/div>\n\t\t\t\t<\/div>\n\t\t\t\t\t<\/div>\n\t\t\t\t<\/div>\n\t\t\t\t\t<\/div>\n\t\t\t\t<\/div>\n\t\t<div class=\"elementor-element elementor-element-a75ee2c e-flex e-con-boxed e-con\" data-id=\"a75ee2c\" data-element_type=\"container\" data-settings=\"{&quot;background_background&quot;:&quot;classic&quot;,&quot;jet_parallax_layout_list&quot;:[],&quot;content_width&quot;:&quot;boxed&quot;}\">\n\t\t\t\t\t<div class=\"e-con-inner\">\n\t\t\t\t<div class=\"elementor-element elementor-element-9ce07a9 elementor-widget__width-initial elementor-widget elementor-widget-heading\" data-id=\"9ce07a9\" data-element_type=\"widget\" data-widget_type=\"heading.default\">\n\t\t\t\t<div class=\"elementor-widget-container\">\n\t\t\t<h2 class=\"elementor-heading-title elementor-size-default\">Our team has the right balance\nbetween practical application and academic knowledge\u00a0<\/h2>\t\t<\/div>\n\t\t\t\t<\/div>\n\t\t<div class=\"elementor-element elementor-element-39eb26d e-flex e-con-boxed e-con\" data-id=\"39eb26d\" data-element_type=\"container\" data-settings=\"{&quot;jet_parallax_layout_list&quot;:[],&quot;content_width&quot;:&quot;boxed&quot;}\">\n\t\t\t\t\t<div class=\"e-con-inner\">\n\t\t<div class=\"elementor-element elementor-element-7e90499 e-flex e-con-boxed e-con\" data-id=\"7e90499\" data-element_type=\"container\" data-settings=\"{&quot;jet_parallax_layout_list&quot;:[],&quot;content_width&quot;:&quot;boxed&quot;}\">\n\t\t\t\t\t<div class=\"e-con-inner\">\n\t\t\t\t<div class=\"elementor-element elementor-element-0c3d1ae elementor-widget elementor-widget-image\" data-id=\"0c3d1ae\" data-element_type=\"widget\" data-widget_type=\"image.default\">\n\t\t\t\t<div class=\"elementor-widget-container\">\n\t\t\t\t\t\t\t\t\t\t\t\t\t\t\t\t<a href=\"https:\/\/www.linkedin.com\/in\/markus-rosa-807163\/\">\n\t\t\t\t\t\t\t<img loading=\"lazy\" decoding=\"async\" width=\"608\" height=\"608\" src=\"https:\/\/preview.snowfox-ai.com\/wp-content\/uploads\/2023\/04\/sobre-nos-6.png\" class=\"attachment-full size-full wp-image-447\" alt=\"Sobre Nos ()\" srcset=\"https:\/\/preview.snowfox-ai.com\/wp-content\/uploads\/2023\/04\/sobre-nos-6.png 608w, https:\/\/preview.snowfox-ai.com\/wp-content\/uploads\/2023\/04\/sobre-nos-6-300x300.png 300w, https:\/\/preview.snowfox-ai.com\/wp-content\/uploads\/2023\/04\/sobre-nos-6-150x150.png 150w, https:\/\/preview.snowfox-ai.com\/wp-content\/uploads\/2023\/04\/sobre-nos-6-12x12.png 12w\" sizes=\"auto, (max-width: 608px) 100vw, 608px\" \/>\t\t\t\t\t\t\t\t<\/a>\n\t\t\t\t\t\t\t\t\t\t\t\t\t\t\t<\/div>\n\t\t\t\t<\/div>\n\t\t\t\t<div class=\"elementor-element elementor-element-28fbf84 elementor-widget elementor-widget-heading\" data-id=\"28fbf84\" data-element_type=\"widget\" data-widget_type=\"heading.default\">\n\t\t\t\t<div class=\"elementor-widget-container\">\n\t\t\t<h2 class=\"elementor-heading-title elementor-size-default\">Markus Rosa<\/h2>\t\t<\/div>\n\t\t\t\t<\/div>\n\t\t\t\t<div class=\"elementor-element elementor-element-3355e9d elementor-widget elementor-widget-heading\" data-id=\"3355e9d\" data-element_type=\"widget\" data-widget_type=\"heading.default\">\n\t\t\t\t<div class=\"elementor-widget-container\">\n\t\t\t<h2 class=\"elementor-heading-title elementor-size-default\">CEO and Founder<\/h2>\t\t<\/div>\n\t\t\t\t<\/div>\n\t\t\t\t\t<\/div>\n\t\t\t\t<\/div>\n\t\t<div class=\"elementor-element elementor-element-1131a14 e-flex e-con-boxed e-con\" data-id=\"1131a14\" data-element_type=\"container\" data-settings=\"{&quot;jet_parallax_layout_list&quot;:[],&quot;content_width&quot;:&quot;boxed&quot;}\">\n\t\t\t\t\t<div class=\"e-con-inner\">\n\t\t\t\t<div class=\"elementor-element elementor-element-5621320 elementor-widget elementor-widget-image\" data-id=\"5621320\" data-element_type=\"widget\" data-widget_type=\"image.default\">\n\t\t\t\t<div class=\"elementor-widget-container\">\n\t\t\t\t\t\t\t\t\t\t\t\t\t\t\t\t<a href=\"https:\/\/www.linkedin.com\/in\/giovannigabriele\">\n\t\t\t\t\t\t\t<img loading=\"lazy\" decoding=\"async\" width=\"1062\" height=\"1062\" src=\"https:\/\/preview.snowfox-ai.com\/wp-content\/uploads\/2025\/03\/Design-sem-nome-1-2.png\" class=\"attachment-full size-full wp-image-2285\" alt=\"\" srcset=\"https:\/\/preview.snowfox-ai.com\/wp-content\/uploads\/2025\/03\/Design-sem-nome-1-2.png 1062w, https:\/\/preview.snowfox-ai.com\/wp-content\/uploads\/2025\/03\/Design-sem-nome-1-2-300x300.png 300w, https:\/\/preview.snowfox-ai.com\/wp-content\/uploads\/2025\/03\/Design-sem-nome-1-2-1024x1024.png 1024w, https:\/\/preview.snowfox-ai.com\/wp-content\/uploads\/2025\/03\/Design-sem-nome-1-2-150x150.png 150w, https:\/\/preview.snowfox-ai.com\/wp-content\/uploads\/2025\/03\/Design-sem-nome-1-2-768x768.png 768w, https:\/\/preview.snowfox-ai.com\/wp-content\/uploads\/2025\/03\/Design-sem-nome-1-2-12x12.png 12w\" sizes=\"auto, (max-width: 1062px) 100vw, 1062px\" \/>\t\t\t\t\t\t\t\t<\/a>\n\t\t\t\t\t\t\t\t\t\t\t\t\t\t\t<\/div>\n\t\t\t\t<\/div>\n\t\t\t\t<div class=\"elementor-element elementor-element-0544928 elementor-widget elementor-widget-heading\" data-id=\"0544928\" data-element_type=\"widget\" data-widget_type=\"heading.default\">\n\t\t\t\t<div class=\"elementor-widget-container\">\n\t\t\t<h2 class=\"elementor-heading-title elementor-size-default\">Giovanni Gabriele<\/h2>\t\t<\/div>\n\t\t\t\t<\/div>\n\t\t\t\t<div class=\"elementor-element elementor-element-1ccd029 elementor-widget elementor-widget-heading\" data-id=\"1ccd029\" data-element_type=\"widget\" data-widget_type=\"heading.default\">\n\t\t\t\t<div class=\"elementor-widget-container\">\n\t\t\t<h2 class=\"elementor-heading-title elementor-size-default\">COO and CFO<\/h2>\t\t<\/div>\n\t\t\t\t<\/div>\n\t\t\t\t\t<\/div>\n\t\t\t\t<\/div>\n\t\t\t\t\t<\/div>\n\t\t\t\t<\/div>\n\t\t<div class=\"elementor-element elementor-element-4a69370 e-flex e-con-boxed e-con\" data-id=\"4a69370\" data-element_type=\"container\" data-settings=\"{&quot;jet_parallax_layout_list&quot;:[],&quot;content_width&quot;:&quot;boxed&quot;}\">\n\t\t\t\t\t<div class=\"e-con-inner\">\n\t\t<div class=\"elementor-element elementor-element-1b0320a e-flex e-con-boxed e-con\" data-id=\"1b0320a\" data-element_type=\"container\" data-settings=\"{&quot;jet_parallax_layout_list&quot;:[],&quot;content_width&quot;:&quot;boxed&quot;}\">\n\t\t\t\t\t<div class=\"e-con-inner\">\n\t\t\t\t<div class=\"elementor-element elementor-element-dee2a91 elementor-widget elementor-widget-image\" data-id=\"dee2a91\" data-element_type=\"widget\" data-widget_type=\"image.default\">\n\t\t\t\t<div class=\"elementor-widget-container\">\n\t\t\t\t\t\t\t\t\t\t\t\t\t\t\t\t<a href=\"https:\/\/www.linkedin.com\/in\/gabriel-nobrega-30b18220b\/\">\n\t\t\t\t\t\t\t<img loading=\"lazy\" decoding=\"async\" width=\"608\" height=\"608\" src=\"https:\/\/preview.snowfox-ai.com\/wp-content\/uploads\/2023\/04\/sobre-nos-12.png\" class=\"attachment-full size-full wp-image-451\" alt=\"Sobre Nos ()\" srcset=\"https:\/\/preview.snowfox-ai.com\/wp-content\/uploads\/2023\/04\/sobre-nos-12.png 608w, https:\/\/preview.snowfox-ai.com\/wp-content\/uploads\/2023\/04\/sobre-nos-12-300x300.png 300w, https:\/\/preview.snowfox-ai.com\/wp-content\/uploads\/2023\/04\/sobre-nos-12-150x150.png 150w, https:\/\/preview.snowfox-ai.com\/wp-content\/uploads\/2023\/04\/sobre-nos-12-12x12.png 12w\" sizes=\"auto, (max-width: 608px) 100vw, 608px\" \/>\t\t\t\t\t\t\t\t<\/a>\n\t\t\t\t\t\t\t\t\t\t\t\t\t\t\t<\/div>\n\t\t\t\t<\/div>\n\t\t\t\t<div class=\"elementor-element elementor-element-92a988a elementor-widget elementor-widget-heading\" data-id=\"92a988a\" data-element_type=\"widget\" data-widget_type=\"heading.default\">\n\t\t\t\t<div class=\"elementor-widget-container\">\n\t\t\t<h2 class=\"elementor-heading-title elementor-size-default\">Gabriel N\u00f3brega<\/h2>\t\t<\/div>\n\t\t\t\t<\/div>\n\t\t\t\t<div class=\"elementor-element elementor-element-e1c26f5 elementor-widget elementor-widget-heading\" data-id=\"e1c26f5\" data-element_type=\"widget\" data-widget_type=\"heading.default\">\n\t\t\t\t<div class=\"elementor-widget-container\">\n\t\t\t<h2 class=\"elementor-heading-title elementor-size-default\">Head of Software Engineering<\/h2>\t\t<\/div>\n\t\t\t\t<\/div>\n\t\t\t\t\t<\/div>\n\t\t\t\t<\/div>\n\t\t<div class=\"elementor-element elementor-element-25b146a e-flex e-con-boxed e-con\" data-id=\"25b146a\" data-element_type=\"container\" data-settings=\"{&quot;jet_parallax_layout_list&quot;:[],&quot;content_width&quot;:&quot;boxed&quot;}\">\n\t\t\t\t\t<div class=\"e-con-inner\">\n\t\t\t\t<div class=\"elementor-element elementor-element-9f5c62b elementor-widget elementor-widget-image\" data-id=\"9f5c62b\" data-element_type=\"widget\" data-widget_type=\"image.default\">\n\t\t\t\t<div class=\"elementor-widget-container\">\n\t\t\t\t\t\t\t\t\t\t\t\t\t\t\t\t<a href=\"https:\/\/www.linkedin.com\/in\/allan-souza-b036151b0\">\n\t\t\t\t\t\t\t<img loading=\"lazy\" decoding=\"async\" width=\"608\" height=\"608\" src=\"https:\/\/preview.snowfox-ai.com\/wp-content\/uploads\/2024\/09\/sobre-nos-11.png\" class=\"attachment-full size-full wp-image-2186\" alt=\"\" srcset=\"https:\/\/preview.snowfox-ai.com\/wp-content\/uploads\/2024\/09\/sobre-nos-11.png 608w, https:\/\/preview.snowfox-ai.com\/wp-content\/uploads\/2024\/09\/sobre-nos-11-300x300.png 300w, https:\/\/preview.snowfox-ai.com\/wp-content\/uploads\/2024\/09\/sobre-nos-11-150x150.png 150w, https:\/\/preview.snowfox-ai.com\/wp-content\/uploads\/2024\/09\/sobre-nos-11-12x12.png 12w\" sizes=\"auto, (max-width: 608px) 100vw, 608px\" \/>\t\t\t\t\t\t\t\t<\/a>\n\t\t\t\t\t\t\t\t\t\t\t\t\t\t\t<\/div>\n\t\t\t\t<\/div>\n\t\t\t\t<div class=\"elementor-element elementor-element-b61f561 elementor-widget elementor-widget-heading\" data-id=\"b61f561\" data-element_type=\"widget\" data-widget_type=\"heading.default\">\n\t\t\t\t<div class=\"elementor-widget-container\">\n\t\t\t<h2 class=\"elementor-heading-title elementor-size-default\">Allan Souza<\/h2>\t\t<\/div>\n\t\t\t\t<\/div>\n\t\t\t\t<div class=\"elementor-element elementor-element-3d18c42 elementor-widget elementor-widget-heading\" data-id=\"3d18c42\" data-element_type=\"widget\" data-widget_type=\"heading.default\">\n\t\t\t\t<div class=\"elementor-widget-container\">\n\t\t\t<h2 class=\"elementor-heading-title elementor-size-default\">Head of Artificial Intelligence<\/h2>\t\t<\/div>\n\t\t\t\t<\/div>\n\t\t\t\t\t<\/div>\n\t\t\t\t<\/div>\n\t\t\t\t\t<\/div>\n\t\t\t\t<\/div>\n\t\t\t\t\t<\/div>\n\t\t\t\t<\/div>\n\t\t\t\t\t\t\t<\/div>","protected":false},"excerpt":{"rendered":"<p>sobre n\u00f3s Aplica\u00e7\u00f5es e Solu\u00e7\u00f5es Inovadoras de tecnologia de dados e Intelig\u00eancia Artificial Falar com Especialista Nossa miss\u00e3o \u00e9 acelerar e escalar a transforma\u00e7\u00e3o tecnol\u00f3gica de nossos clientes gerando resultados com efici\u00eancia. Nossa abordagem \u00e9 pragm\u00e1tica e focada em resultados, evitando o efeito &#8220;hype&#8221; t\u00e3o presente em tecnologias inovadoras. Atuamos com solu\u00e7\u00f5es de ponta-a-ponta, desde [&hellip;]<\/p>","protected":false},"author":22,"featured_media":0,"parent":0,"menu_order":0,"comment_status":"closed","ping_status":"closed","template":"","meta":{"footnotes":""},"class_list":["post-406","page","type-page","status-publish","hentry"],"yoast_head":"<!-- This site is optimized with the Yoast SEO plugin v20.13 - https:\/\/yoast.com\/wordpress\/plugins\/seo\/ -->\n<title>Sobre N\u00f3s | SnowFox<\/title>\n<meta name=\"description\" content=\"Conhe\u00e7a mais sobre n\u00f3s e como a SnowFox tem a solu\u00e7\u00e3o certa en tecnologia de dados para a sua empresa.\" \/>\n<meta name=\"robots\" content=\"index, follow, max-snippet:-1, max-image-preview:large, max-video-preview:-1\" \/>\n<link rel=\"canonical\" href=\"https:\/\/snowfox-ai.com\/en_us\/sobre\/\" \/>\n<meta property=\"og:locale\" content=\"en_US\" \/>\n<meta property=\"og:type\" content=\"article\" \/>\n<meta property=\"og:title\" content=\"Sobre N\u00f3s | SnowFox\" \/>\n<meta property=\"og:description\" content=\"Conhe\u00e7a mais sobre n\u00f3s e como a SnowFox tem a solu\u00e7\u00e3o certa en tecnologia de dados para a sua empresa.\" \/>\n<meta property=\"og:url\" content=\"https:\/\/snowfox-ai.com\/en_us\/sobre\/\" \/>\n<meta property=\"og:site_name\" content=\"SnowFox AI\" \/>\n<meta property=\"article:modified_time\" content=\"2025-05-08T03:09:27+00:00\" \/>\n<meta property=\"og:image\" content=\"http:\/\/snowfox-ai.com\/wp-content\/uploads\/2023\/04\/sobre-nos-9.png\" \/>\n<meta name=\"twitter:card\" content=\"summary_large_image\" \/>\n<meta name=\"twitter:label1\" content=\"Est. reading time\" \/>\n\t<meta name=\"twitter:data1\" content=\"2 minutes\" \/>\n<script type=\"application\/ld+json\" class=\"yoast-schema-graph\">{\"@context\":\"https:\/\/schema.org\",\"@graph\":[{\"@type\":\"WebPage\",\"@id\":\"https:\/\/snowfox-ai.com\/en_us\/sobre\/\",\"url\":\"https:\/\/snowfox-ai.com\/en_us\/sobre\/\",\"name\":\"Sobre N\u00f3s | SnowFox\",\"isPartOf\":{\"@id\":\"https:\/\/snowfox-ai.com\/#website\"},\"datePublished\":\"2023-04-28T17:20:31+00:00\",\"dateModified\":\"2025-05-08T03:09:27+00:00\",\"description\":\"Conhe\u00e7a mais sobre n\u00f3s e como a SnowFox tem a solu\u00e7\u00e3o certa en tecnologia de dados para a sua empresa.\",\"inLanguage\":\"en-US\",\"potentialAction\":[{\"@type\":\"ReadAction\",\"target\":[\"https:\/\/snowfox-ai.com\/en_us\/sobre\/\"]}]},{\"@type\":\"WebSite\",\"@id\":\"https:\/\/snowfox-ai.com\/#website\",\"url\":\"https:\/\/snowfox-ai.com\/\",\"name\":\"SnowFox AI\",\"description\":\"\",\"publisher\":{\"@id\":\"https:\/\/snowfox-ai.com\/#organization\"},\"potentialAction\":[{\"@type\":\"SearchAction\",\"target\":{\"@type\":\"EntryPoint\",\"urlTemplate\":\"https:\/\/snowfox-ai.com\/?s={search_term_string}\"},\"query-input\":\"required name=search_term_string\"}],\"inLanguage\":\"en-US\"},{\"@type\":\"Organization\",\"@id\":\"https:\/\/snowfox-ai.com\/#organization\",\"name\":\"SnowFox AI\",\"url\":\"https:\/\/snowfox-ai.com\/\",\"logo\":{\"@type\":\"ImageObject\",\"inLanguage\":\"en-US\",\"@id\":\"https:\/\/snowfox-ai.com\/#\/schema\/logo\/image\/\",\"url\":\"https:\/\/preview.snowfox-ai.com\/wp-content\/uploads\/2020\/02\/tecnologia-de-dados-7.png\",\"contentUrl\":\"https:\/\/preview.snowfox-ai.com\/wp-content\/uploads\/2020\/02\/tecnologia-de-dados-7.png\",\"width\":960,\"height\":152,\"caption\":\"SnowFox AI\"},\"image\":{\"@id\":\"https:\/\/snowfox-ai.com\/#\/schema\/logo\/image\/\"}}]}<\/script>\n<!-- \/ Yoast SEO plugin. -->","yoast_head_json":{"title":"Sobre N\u00f3s | SnowFox","description":"Conhe\u00e7a mais sobre n\u00f3s e como a SnowFox tem a solu\u00e7\u00e3o certa en tecnologia de dados para a sua empresa.","robots":{"index":"index","follow":"follow","max-snippet":"max-snippet:-1","max-image-preview":"max-image-preview:large","max-video-preview":"max-video-preview:-1"},"canonical":"https:\/\/snowfox-ai.com\/en_us\/sobre\/","og_locale":"en_US","og_type":"article","og_title":"Sobre N\u00f3s | SnowFox","og_description":"Conhe\u00e7a mais sobre n\u00f3s e como a SnowFox tem a solu\u00e7\u00e3o certa en tecnologia de dados para a sua empresa.","og_url":"https:\/\/snowfox-ai.com\/en_us\/sobre\/","og_site_name":"SnowFox AI","article_modified_time":"2025-05-08T03:09:27+00:00","og_image":[{"url":"http:\/\/snowfox-ai.com\/wp-content\/uploads\/2023\/04\/sobre-nos-9.png"}],"twitter_card":"summary_large_image","twitter_misc":{"Est. reading time":"2 minutes"},"schema":{"@context":"https:\/\/schema.org","@graph":[{"@type":"WebPage","@id":"https:\/\/snowfox-ai.com\/en_us\/sobre\/","url":"https:\/\/snowfox-ai.com\/en_us\/sobre\/","name":"Sobre N\u00f3s | SnowFox","isPartOf":{"@id":"https:\/\/snowfox-ai.com\/#website"},"datePublished":"2023-04-28T17:20:31+00:00","dateModified":"2025-05-08T03:09:27+00:00","description":"Conhe\u00e7a mais sobre n\u00f3s e como a SnowFox tem a solu\u00e7\u00e3o certa en tecnologia de dados para a sua empresa.","inLanguage":"en-US","potentialAction":[{"@type":"ReadAction","target":["https:\/\/snowfox-ai.com\/en_us\/sobre\/"]}]},{"@type":"WebSite","@id":"https:\/\/snowfox-ai.com\/#website","url":"https:\/\/snowfox-ai.com\/","name":"SnowFox AI","description":"","publisher":{"@id":"https:\/\/snowfox-ai.com\/#organization"},"potentialAction":[{"@type":"SearchAction","target":{"@type":"EntryPoint","urlTemplate":"https:\/\/snowfox-ai.com\/?s={search_term_string}"},"query-input":"required name=search_term_string"}],"inLanguage":"en-US"},{"@type":"Organization","@id":"https:\/\/snowfox-ai.com\/#organization","name":"SnowFox AI","url":"https:\/\/snowfox-ai.com\/","logo":{"@type":"ImageObject","inLanguage":"en-US","@id":"https:\/\/snowfox-ai.com\/#\/schema\/logo\/image\/","url":"https:\/\/preview.snowfox-ai.com\/wp-content\/uploads\/2020\/02\/tecnologia-de-dados-7.png","contentUrl":"https:\/\/preview.snowfox-ai.com\/wp-content\/uploads\/2020\/02\/tecnologia-de-dados-7.png","width":960,"height":152,"caption":"SnowFox AI"},"image":{"@id":"https:\/\/snowfox-ai.com\/#\/schema\/logo\/image\/"}}]}},"_links":{"self":[{"href":"https:\/\/preview.snowfox-ai.com\/en_us\/wp-json\/wp\/v2\/pages\/406","targetHints":{"allow":["GET"]}}],"collection":[{"href":"https:\/\/preview.snowfox-ai.com\/en_us\/wp-json\/wp\/v2\/pages"}],"about":[{"href":"https:\/\/preview.snowfox-ai.com\/en_us\/wp-json\/wp\/v2\/types\/page"}],"author":[{"embeddable":true,"href":"https:\/\/preview.snowfox-ai.com\/en_us\/wp-json\/wp\/v2\/users\/22"}],"replies":[{"embeddable":true,"href":"https:\/\/preview.snowfox-ai.com\/en_us\/wp-json\/wp\/v2\/comments?post=406"}],"version-history":[{"count":30,"href":"https:\/\/preview.snowfox-ai.com\/en_us\/wp-json\/wp\/v2\/pages\/406\/revisions"}],"predecessor-version":[{"id":2823,"href":"https:\/\/preview.snowfox-ai.com\/en_us\/wp-json\/wp\/v2\/pages\/406\/revisions\/2823"}],"wp:attachment":[{"href":"https:\/\/preview.snowfox-ai.com\/en_us\/wp-json\/wp\/v2\/media?parent=406"}],"curies":[{"name":"wp","href":"https:\/\/api.w.org\/{rel}","templated":true}]}}